{"id":262,"date":"2022-05-08T21:55:43","date_gmt":"2022-05-08T18:55:43","guid":{"rendered":"https:\/\/mateserranos.com.ar\/w\/?page_id=262"},"modified":"2022-06-06T07:35:10","modified_gmt":"2022-06-06T04:35:10","slug":"mates-de-alpaca-aplique-cala","status":"publish","type":"page","link":"https:\/\/mateserranos.com.ar\/w\/mates-de-alpaca-aplique-cala\/","title":{"rendered":"Mates de alpaca aplique Cala"},"content":{"rendered":"\n<p>Estos modelos se realizan a pedido, sobre cualquiera de los mates est\u00e1ndar de alpaca a los cuales se les agrega el aplique de Cala. Incluyen pr\u00e1ctica bombilla autolimpiante.<\/p>\n\n\n\n<p>Consult\u00e1 por precios y tiempos de entrega.<\/p>\n\n\n\n<figure class=\"wp-block-gallery aligncenter has-nested-images columns-default is-cropped wp-block-gallery-1 is-layout-flex wp-block-gallery-is-layout-flex\">\n<figure class=\"wp-block-image size-large\"><a href=\"https:\/\/mateserranos.com.ar\/w\/wp-content\/uploads\/2022\/05\/DSC_3797.jpg\"><img fetchpriority=\"high\" decoding=\"async\" width=\"1080\" height=\"1440\" data-id=\"250\" src=\"https:\/\/mateserranos.com.ar\/w\/wp-content\/uploads\/2022\/05\/DSC_3797.jpg\" alt=\"\" class=\"wp-image-250\" srcset=\"https:\/\/mateserranos.com.ar\/w\/wp-content\/uploads\/2022\/05\/DSC_3797.jpg 1080w, https:\/\/mateserranos.com.ar\/w\/wp-content\/uploads\/2022\/05\/DSC_3797-225x300.jpg 225w, https:\/\/mateserranos.com.ar\/w\/wp-content\/uploads\/2022\/05\/DSC_3797-768x1024.jpg 768w\" sizes=\"(max-width: 1080px) 100vw, 1080px\" \/><\/a><\/figure>\n\n\n\n<figure class=\"wp-block-image size-large\"><a href=\"https:\/\/mateserranos.com.ar\/w\/wp-content\/uploads\/2022\/05\/DSC_3805.jpg\"><img decoding=\"async\" width=\"960\" height=\"1280\" data-id=\"254\" src=\"https:\/\/mateserranos.com.ar\/w\/wp-content\/uploads\/2022\/05\/DSC_3805.jpg\" alt=\"\" class=\"wp-image-254\" srcset=\"https:\/\/mateserranos.com.ar\/w\/wp-content\/uploads\/2022\/05\/DSC_3805.jpg 960w, https:\/\/mateserranos.com.ar\/w\/wp-content\/uploads\/2022\/05\/DSC_3805-225x300.jpg 225w, https:\/\/mateserranos.com.ar\/w\/wp-content\/uploads\/2022\/05\/DSC_3805-768x1024.jpg 768w\" sizes=\"(max-width: 960px) 100vw, 960px\" \/><\/a><figcaption>Mate torpedo con base de alpaca y aplique Cala<\/figcaption><\/figure>\n<\/figure>\n\n\n\n<figure class=\"wp-block-gallery aligncenter has-nested-images columns-default is-cropped wp-block-gallery-2 is-layout-flex wp-block-gallery-is-layout-flex\">\n<figure class=\"wp-block-image size-large\"><a href=\"https:\/\/mateserranos.com.ar\/w\/wp-content\/uploads\/2022\/05\/DSC_3778.jpg\"><img decoding=\"async\" width=\"1440\" height=\"875\" data-id=\"245\" src=\"https:\/\/mateserranos.com.ar\/w\/wp-content\/uploads\/2022\/05\/DSC_3778.jpg\" alt=\"\" class=\"wp-image-245\" srcset=\"https:\/\/mateserranos.com.ar\/w\/wp-content\/uploads\/2022\/05\/DSC_3778.jpg 1440w, https:\/\/mateserranos.com.ar\/w\/wp-content\/uploads\/2022\/05\/DSC_3778-300x182.jpg 300w, https:\/\/mateserranos.com.ar\/w\/wp-content\/uploads\/2022\/05\/DSC_3778-1024x622.jpg 1024w, https:\/\/mateserranos.com.ar\/w\/wp-content\/uploads\/2022\/05\/DSC_3778-768x467.jpg 768w\" sizes=\"(max-width: 1440px) 100vw, 1440px\" \/><\/a><figcaption>Mate torpedo con base de alpaca y aplique Cala<\/figcaption><\/figure>\n<\/figure>\n\n\n\n<hr class=\"wp-block-separator has-css-opacity is-style-wide\"\/>\n\n\n\n<figure class=\"wp-block-gallery aligncenter has-nested-images columns-default is-cropped wp-block-gallery-3 is-layout-flex wp-block-gallery-is-layout-flex\">\n<figure class=\"wp-block-image size-large\"><a href=\"https:\/\/mateserranos.com.ar\/w\/wp-content\/uploads\/2022\/05\/DSC_3792.jpg\"><img loading=\"lazy\" decoding=\"async\" width=\"1440\" height=\"1215\" data-id=\"248\" src=\"https:\/\/mateserranos.com.ar\/w\/wp-content\/uploads\/2022\/05\/DSC_3792.jpg\" alt=\"\" class=\"wp-image-248\" srcset=\"https:\/\/mateserranos.com.ar\/w\/wp-content\/uploads\/2022\/05\/DSC_3792.jpg 1440w, https:\/\/mateserranos.com.ar\/w\/wp-content\/uploads\/2022\/05\/DSC_3792-300x253.jpg 300w, https:\/\/mateserranos.com.ar\/w\/wp-content\/uploads\/2022\/05\/DSC_3792-1024x864.jpg 1024w, https:\/\/mateserranos.com.ar\/w\/wp-content\/uploads\/2022\/05\/DSC_3792-768x648.jpg 768w\" sizes=\"(max-width: 1440px) 100vw, 1440px\" \/><\/a><\/figure>\n\n\n\n<figure class=\"wp-block-image size-large\"><a href=\"https:\/\/mateserranos.com.ar\/w\/wp-content\/uploads\/2022\/05\/DSC_3813.jpg\"><img loading=\"lazy\" decoding=\"async\" width=\"1080\" height=\"1440\" data-id=\"258\" src=\"https:\/\/mateserranos.com.ar\/w\/wp-content\/uploads\/2022\/05\/DSC_3813.jpg\" alt=\"\" class=\"wp-image-258\" srcset=\"https:\/\/mateserranos.com.ar\/w\/wp-content\/uploads\/2022\/05\/DSC_3813.jpg 1080w, https:\/\/mateserranos.com.ar\/w\/wp-content\/uploads\/2022\/05\/DSC_3813-225x300.jpg 225w, https:\/\/mateserranos.com.ar\/w\/wp-content\/uploads\/2022\/05\/DSC_3813-768x1024.jpg 768w\" sizes=\"(max-width: 1080px) 100vw, 1080px\" \/><\/a><\/figure>\n\n\n\n<figure class=\"wp-block-image size-large\"><a href=\"https:\/\/mateserranos.com.ar\/w\/wp-content\/uploads\/2022\/05\/DSC_3811.jpg\"><img loading=\"lazy\" decoding=\"async\" width=\"960\" height=\"1280\" data-id=\"257\" src=\"https:\/\/mateserranos.com.ar\/w\/wp-content\/uploads\/2022\/05\/DSC_3811.jpg\" alt=\"\" class=\"wp-image-257\" srcset=\"https:\/\/mateserranos.com.ar\/w\/wp-content\/uploads\/2022\/05\/DSC_3811.jpg 960w, https:\/\/mateserranos.com.ar\/w\/wp-content\/uploads\/2022\/05\/DSC_3811-225x300.jpg 225w, https:\/\/mateserranos.com.ar\/w\/wp-content\/uploads\/2022\/05\/DSC_3811-768x1024.jpg 768w\" sizes=\"(max-width: 960px) 100vw, 960px\" \/><\/a><\/figure>\n\n\n\n<figure class=\"wp-block-image size-large\"><a href=\"https:\/\/mateserranos.com.ar\/w\/wp-content\/uploads\/2022\/05\/DSC_3769.jpg\"><img loading=\"lazy\" decoding=\"async\" width=\"1080\" height=\"1440\" data-id=\"244\" src=\"https:\/\/mateserranos.com.ar\/w\/wp-content\/uploads\/2022\/05\/DSC_3769.jpg\" alt=\"\" class=\"wp-image-244\" srcset=\"https:\/\/mateserranos.com.ar\/w\/wp-content\/uploads\/2022\/05\/DSC_3769.jpg 1080w, https:\/\/mateserranos.com.ar\/w\/wp-content\/uploads\/2022\/05\/DSC_3769-225x300.jpg 225w, https:\/\/mateserranos.com.ar\/w\/wp-content\/uploads\/2022\/05\/DSC_3769-768x1024.jpg 768w\" sizes=\"(max-width: 1080px) 100vw, 1080px\" \/><\/a><\/figure>\n\n\n\n<figure class=\"wp-block-image size-large\"><a href=\"https:\/\/mateserranos.com.ar\/w\/wp-content\/uploads\/2022\/05\/DSC_3782.jpg\"><img loading=\"lazy\" decoding=\"async\" width=\"960\" height=\"1280\" data-id=\"246\" src=\"https:\/\/mateserranos.com.ar\/w\/wp-content\/uploads\/2022\/05\/DSC_3782.jpg\" alt=\"\" class=\"wp-image-246\" srcset=\"https:\/\/mateserranos.com.ar\/w\/wp-content\/uploads\/2022\/05\/DSC_3782.jpg 960w, https:\/\/mateserranos.com.ar\/w\/wp-content\/uploads\/2022\/05\/DSC_3782-225x300.jpg 225w, https:\/\/mateserranos.com.ar\/w\/wp-content\/uploads\/2022\/05\/DSC_3782-768x1024.jpg 768w\" sizes=\"(max-width: 960px) 100vw, 960px\" \/><\/a><\/figure>\n<\/figure>\n\n\n\n<hr class=\"wp-block-separator has-css-opacity is-style-wide\"\/>\n","protected":false},"excerpt":{"rendered":"<p>Estos modelos se realizan a pedido, sobre cualquiera de los mates est\u00e1ndar de alpaca a los cuales se les agrega el aplique de Cala. Incluyen pr\u00e1ctica bombilla autolimpiante. Consult\u00e1 por precios y tiempos de entrega.<\/p>\n","protected":false},"author":2,"featured_media":252,"parent":0,"menu_order":0,"comment_status":"closed","ping_status":"closed","template":"","meta":{"site-sidebar-layout":"default","site-content-layout":"","ast-site-content-layout":"default","site-content-style":"default","site-sidebar-style":"default","ast-global-header-display":"","ast-banner-title-visibility":"","ast-main-header-display":"","ast-hfb-above-header-display":"","ast-hfb-below-header-display":"","ast-hfb-mobile-header-display":"","site-post-title":"","ast-breadcrumbs-content":"","ast-featured-img":"","footer-sml-layout":"","ast-disable-related-posts":"","theme-transparent-header-meta":"","adv-header-id-meta":"","stick-header-meta":"","header-above-stick-meta":"","header-main-stick-meta":"","header-below-stick-meta":"","astra-migrate-meta-layouts":"default","ast-page-background-enabled":"default","ast-page-background-meta":{"desktop":{"background-color":"var(--ast-global-color-4)","background-image":"","background-repeat":"repeat","background-position":"center center","background-size":"auto","background-attachment":"scroll","background-type":"","background-media":"","overlay-type":"","overlay-color":"","overlay-opacity":"","overlay-gradient":""},"tablet":{"background-color":"","background-image":"","background-repeat":"repeat","background-position":"center center","background-size":"auto","background-attachment":"scroll","background-type":"","background-media":"","overlay-type":"","overlay-color":"","overlay-opacity":"","overlay-gradient":""},"mobile":{"background-color":"","background-image":"","background-repeat":"repeat","background-position":"center center","background-size":"auto","background-attachment":"scroll","background-type":"","background-media":"","overlay-type":"","overlay-color":"","overlay-opacity":"","overlay-gradient":""}},"ast-content-background-meta":{"desktop":{"background-color":"var(--ast-global-color-5)","background-image":"","background-repeat":"repeat","background-position":"center center","background-size":"auto","background-attachment":"scroll","background-type":"","background-media":"","overlay-type":"","overlay-color":"","overlay-opacity":"","overlay-gradient":""},"tablet":{"background-color":"var(--ast-global-color-5)","background-image":"","background-repeat":"repeat","background-position":"center center","background-size":"auto","background-attachment":"scroll","background-type":"","background-media":"","overlay-type":"","overlay-color":"","overlay-opacity":"","overlay-gradient":""},"mobile":{"background-color":"var(--ast-global-color-5)","background-image":"","background-repeat":"repeat","background-position":"center center","background-size":"auto","background-attachment":"scroll","background-type":"","background-media":"","overlay-type":"","overlay-color":"","overlay-opacity":"","overlay-gradient":""}},"footnotes":""},"class_list":["post-262","page","type-page","status-publish","has-post-thumbnail","hentry"],"jetpack_sharing_enabled":true,"_links":{"self":[{"href":"https:\/\/mateserranos.com.ar\/w\/wp-json\/wp\/v2\/pages\/262","targetHints":{"allow":["GET"]}}],"collection":[{"href":"https:\/\/mateserranos.com.ar\/w\/wp-json\/wp\/v2\/pages"}],"about":[{"href":"https:\/\/mateserranos.com.ar\/w\/wp-json\/wp\/v2\/types\/page"}],"author":[{"embeddable":true,"href":"https:\/\/mateserranos.com.ar\/w\/wp-json\/wp\/v2\/users\/2"}],"replies":[{"embeddable":true,"href":"https:\/\/mateserranos.com.ar\/w\/wp-json\/wp\/v2\/comments?post=262"}],"version-history":[{"count":6,"href":"https:\/\/mateserranos.com.ar\/w\/wp-json\/wp\/v2\/pages\/262\/revisions"}],"predecessor-version":[{"id":569,"href":"https:\/\/mateserranos.com.ar\/w\/wp-json\/wp\/v2\/pages\/262\/revisions\/569"}],"wp:featuredmedia":[{"embeddable":true,"href":"https:\/\/mateserranos.com.ar\/w\/wp-json\/wp\/v2\/media\/252"}],"wp:attachment":[{"href":"https:\/\/mateserranos.com.ar\/w\/wp-json\/wp\/v2\/media?parent=262"}],"curies":[{"name":"wp","href":"https:\/\/api.w.org\/{rel}","templated":true}]}}