{"id":455,"date":"2022-05-19T04:58:34","date_gmt":"2022-05-19T01:58:34","guid":{"rendered":"https:\/\/mateserranos.com.ar\/w\/?page_id=455"},"modified":"2022-06-06T07:49:12","modified_gmt":"2022-06-06T04:49:12","slug":"mate-de-alpaca-torpedo","status":"publish","type":"page","link":"https:\/\/mateserranos.com.ar\/w\/mates-de-alpaca\/mate-de-alpaca-torpedo\/","title":{"rendered":"Mate de alpaca torpedo"},"content":{"rendered":"\n<figure class=\"wp-block-gallery aligncenter has-nested-images columns-default is-cropped wp-block-gallery-1 is-layout-flex wp-block-gallery-is-layout-flex\">\n<figure class=\"wp-block-image size-large\"><a href=\"https:\/\/mateserranos.com.ar\/w\/wp-content\/uploads\/2022\/05\/DSC_3434.jpg\"><img fetchpriority=\"high\" decoding=\"async\" width=\"819\" height=\"1024\" data-id=\"458\" src=\"https:\/\/mateserranos.com.ar\/w\/wp-content\/uploads\/2022\/05\/DSC_3434-819x1024.jpg\" alt=\"\" class=\"wp-image-458\" srcset=\"https:\/\/mateserranos.com.ar\/w\/wp-content\/uploads\/2022\/05\/DSC_3434-819x1024.jpg 819w, https:\/\/mateserranos.com.ar\/w\/wp-content\/uploads\/2022\/05\/DSC_3434-240x300.jpg 240w, https:\/\/mateserranos.com.ar\/w\/wp-content\/uploads\/2022\/05\/DSC_3434-768x960.jpg 768w, https:\/\/mateserranos.com.ar\/w\/wp-content\/uploads\/2022\/05\/DSC_3434.jpg 1024w\" sizes=\"(max-width: 819px) 100vw, 819px\" \/><\/a><\/figure>\n\n\n\n<figure class=\"wp-block-image size-large\"><a href=\"https:\/\/mateserranos.com.ar\/w\/wp-content\/uploads\/2022\/05\/DSC_3589.jpg\"><img decoding=\"async\" width=\"682\" height=\"1024\" data-id=\"456\" src=\"https:\/\/mateserranos.com.ar\/w\/wp-content\/uploads\/2022\/05\/DSC_3589-682x1024.jpg\" alt=\"\" class=\"wp-image-456\" srcset=\"https:\/\/mateserranos.com.ar\/w\/wp-content\/uploads\/2022\/05\/DSC_3589-682x1024.jpg 682w, https:\/\/mateserranos.com.ar\/w\/wp-content\/uploads\/2022\/05\/DSC_3589-200x300.jpg 200w, https:\/\/mateserranos.com.ar\/w\/wp-content\/uploads\/2022\/05\/DSC_3589-768x1152.jpg 768w, https:\/\/mateserranos.com.ar\/w\/wp-content\/uploads\/2022\/05\/DSC_3589.jpg 853w\" sizes=\"(max-width: 682px) 100vw, 682px\" \/><\/a><\/figure>\n\n\n\n<figure class=\"wp-block-image size-large\"><a href=\"https:\/\/mateserranos.com.ar\/w\/wp-content\/uploads\/2022\/05\/DSC_3435.jpg\"><img decoding=\"async\" width=\"819\" height=\"1024\" data-id=\"460\" src=\"https:\/\/mateserranos.com.ar\/w\/wp-content\/uploads\/2022\/05\/DSC_3435-819x1024.jpg\" alt=\"\" class=\"wp-image-460\" srcset=\"https:\/\/mateserranos.com.ar\/w\/wp-content\/uploads\/2022\/05\/DSC_3435-819x1024.jpg 819w, https:\/\/mateserranos.com.ar\/w\/wp-content\/uploads\/2022\/05\/DSC_3435-240x300.jpg 240w, https:\/\/mateserranos.com.ar\/w\/wp-content\/uploads\/2022\/05\/DSC_3435-768x960.jpg 768w, https:\/\/mateserranos.com.ar\/w\/wp-content\/uploads\/2022\/05\/DSC_3435.jpg 1024w\" sizes=\"(max-width: 819px) 100vw, 819px\" \/><\/a><\/figure>\n\n\n\n<figure class=\"wp-block-image size-large\"><a href=\"https:\/\/mateserranos.com.ar\/w\/wp-content\/uploads\/2022\/05\/DSC_3426.jpg\"><img loading=\"lazy\" decoding=\"async\" width=\"819\" height=\"1024\" data-id=\"457\" src=\"https:\/\/mateserranos.com.ar\/w\/wp-content\/uploads\/2022\/05\/DSC_3426-819x1024.jpg\" alt=\"\" class=\"wp-image-457\" srcset=\"https:\/\/mateserranos.com.ar\/w\/wp-content\/uploads\/2022\/05\/DSC_3426-819x1024.jpg 819w, https:\/\/mateserranos.com.ar\/w\/wp-content\/uploads\/2022\/05\/DSC_3426-240x300.jpg 240w, https:\/\/mateserranos.com.ar\/w\/wp-content\/uploads\/2022\/05\/DSC_3426-768x960.jpg 768w, https:\/\/mateserranos.com.ar\/w\/wp-content\/uploads\/2022\/05\/DSC_3426.jpg 1024w\" sizes=\"(max-width: 819px) 100vw, 819px\" \/><\/a><\/figure>\n\n\n\n<figure class=\"wp-block-image size-large\"><a href=\"https:\/\/mateserranos.com.ar\/w\/wp-content\/uploads\/2022\/05\/DSC_3415.jpg\"><img loading=\"lazy\" decoding=\"async\" width=\"1024\" height=\"683\" data-id=\"462\" src=\"https:\/\/mateserranos.com.ar\/w\/wp-content\/uploads\/2022\/05\/DSC_3415-1024x683.jpg\" alt=\"\" class=\"wp-image-462\" srcset=\"https:\/\/mateserranos.com.ar\/w\/wp-content\/uploads\/2022\/05\/DSC_3415-1024x683.jpg 1024w, https:\/\/mateserranos.com.ar\/w\/wp-content\/uploads\/2022\/05\/DSC_3415-300x200.jpg 300w, https:\/\/mateserranos.com.ar\/w\/wp-content\/uploads\/2022\/05\/DSC_3415-768x512.jpg 768w, https:\/\/mateserranos.com.ar\/w\/wp-content\/uploads\/2022\/05\/DSC_3415.jpg 1440w\" sizes=\"(max-width: 1024px) 100vw, 1024px\" \/><\/a><\/figure>\n\n\n\n<figure class=\"wp-block-image size-large\"><a href=\"https:\/\/mateserranos.com.ar\/w\/wp-content\/uploads\/2022\/05\/DSC_3411.jpg\"><img loading=\"lazy\" decoding=\"async\" width=\"1024\" height=\"683\" data-id=\"463\" src=\"https:\/\/mateserranos.com.ar\/w\/wp-content\/uploads\/2022\/05\/DSC_3411-1024x683.jpg\" alt=\"\" class=\"wp-image-463\" srcset=\"https:\/\/mateserranos.com.ar\/w\/wp-content\/uploads\/2022\/05\/DSC_3411-1024x683.jpg 1024w, https:\/\/mateserranos.com.ar\/w\/wp-content\/uploads\/2022\/05\/DSC_3411-300x200.jpg 300w, https:\/\/mateserranos.com.ar\/w\/wp-content\/uploads\/2022\/05\/DSC_3411-768x512.jpg 768w, https:\/\/mateserranos.com.ar\/w\/wp-content\/uploads\/2022\/05\/DSC_3411.jpg 1440w\" sizes=\"(max-width: 1024px) 100vw, 1024px\" \/><\/a><\/figure>\n<\/figure>\n\n\n\n<div class=\"wp-block-columns is-layout-flex wp-container-core-columns-is-layout-28f84493 wp-block-columns-is-layout-flex\">\n<div class=\"wp-block-column is-layout-flow wp-block-column-is-layout-flow\">\n<h2 class=\"wp-block-heading\">Mate de alpaca torpedo<\/h2>\n<\/div>\n\n\n\n<div class=\"wp-block-column is-layout-flow wp-block-column-is-layout-flow\">\n<p>Mate mediano, capacidad aproximada 50gr. de yerba. Virola con boca de 50 mm. Realizados en madera de cald\u00e9n y alpaca. Modelos disponibles, con variaci\u00f3n de los dibujos principales y de las guardas. <\/p>\n\n\n\n<p>Las bombillas se venden por separado. Consultar.<\/p>\n<\/div>\n<\/div>\n\n\n\n<div class=\"wp-block-columns is-layout-flex wp-container-core-columns-is-layout-28f84493 wp-block-columns-is-layout-flex\">\n<div class=\"wp-block-column is-layout-flow wp-block-column-is-layout-flow\">\n<h2 class=\"wp-block-heading\"><\/h2>\n<\/div>\n\n\n\n<div class=\"wp-block-column is-layout-flow wp-block-column-is-layout-flow\">\n<h4 class=\"wp-block-heading\"><strong>DISPONIBLE<\/strong><\/h4>\n<\/div>\n<\/div>\n\n\n\n<hr class=\"wp-block-separator has-css-opacity is-style-wide\"\/>\n\n\n\n<p class=\"has-cyan-bluish-gray-color has-text-color\">Categor\u00eda alpk<\/p>\n","protected":false},"excerpt":{"rendered":"<p>Mate de alpaca torpedo Mate mediano, capacidad aproximada 50gr. de yerba. Virola con boca de 50 mm. Realizados en madera de cald\u00e9n y alpaca. Modelos disponibles, con variaci\u00f3n de los dibujos principales y de las guardas. Las bombillas se venden por separado. Consultar. DISPONIBLE Categor\u00eda alpk<\/p>\n","protected":false},"author":2,"featured_media":464,"parent":37,"menu_order":0,"comment_status":"closed","ping_status":"closed","template":"","meta":{"site-sidebar-layout":"default","site-content-layout":"","ast-site-content-layout":"default","site-content-style":"default","site-sidebar-style":"default","ast-global-header-display":"","ast-banner-title-visibility":"","ast-main-header-display":"","ast-hfb-above-header-display":"","ast-hfb-below-header-display":"","ast-hfb-mobile-header-display":"","site-post-title":"","ast-breadcrumbs-content":"","ast-featured-img":"","footer-sml-layout":"","ast-disable-related-posts":"","theme-transparent-header-meta":"","adv-header-id-meta":"","stick-header-meta":"","header-above-stick-meta":"","header-main-stick-meta":"","header-below-stick-meta":"","astra-migrate-meta-layouts":"default","ast-page-background-enabled":"default","ast-page-background-meta":{"desktop":{"background-color":"var(--ast-global-color-4)","background-image":"","background-repeat":"repeat","background-position":"center center","background-size":"auto","background-attachment":"scroll","background-type":"","background-media":"","overlay-type":"","overlay-color":"","overlay-opacity":"","overlay-gradient":""},"tablet":{"background-color":"","background-image":"","background-repeat":"repeat","background-position":"center center","background-size":"auto","background-attachment":"scroll","background-type":"","background-media":"","overlay-type":"","overlay-color":"","overlay-opacity":"","overlay-gradient":""},"mobile":{"background-color":"","background-image":"","background-repeat":"repeat","background-position":"center center","background-size":"auto","background-attachment":"scroll","background-type":"","background-media":"","overlay-type":"","overlay-color":"","overlay-opacity":"","overlay-gradient":""}},"ast-content-background-meta":{"desktop":{"background-color":"var(--ast-global-color-5)","background-image":"","background-repeat":"repeat","background-position":"center center","background-size":"auto","background-attachment":"scroll","background-type":"","background-media":"","overlay-type":"","overlay-color":"","overlay-opacity":"","overlay-gradient":""},"tablet":{"background-color":"var(--ast-global-color-5)","background-image":"","background-repeat":"repeat","background-position":"center center","background-size":"auto","background-attachment":"scroll","background-type":"","background-media":"","overlay-type":"","overlay-color":"","overlay-opacity":"","overlay-gradient":""},"mobile":{"background-color":"var(--ast-global-color-5)","background-image":"","background-repeat":"repeat","background-position":"center center","background-size":"auto","background-attachment":"scroll","background-type":"","background-media":"","overlay-type":"","overlay-color":"","overlay-opacity":"","overlay-gradient":""}},"footnotes":""},"class_list":["post-455","page","type-page","status-publish","has-post-thumbnail","hentry"],"jetpack_sharing_enabled":true,"_links":{"self":[{"href":"https:\/\/mateserranos.com.ar\/w\/wp-json\/wp\/v2\/pages\/455","targetHints":{"allow":["GET"]}}],"collection":[{"href":"https:\/\/mateserranos.com.ar\/w\/wp-json\/wp\/v2\/pages"}],"about":[{"href":"https:\/\/mateserranos.com.ar\/w\/wp-json\/wp\/v2\/types\/page"}],"author":[{"embeddable":true,"href":"https:\/\/mateserranos.com.ar\/w\/wp-json\/wp\/v2\/users\/2"}],"replies":[{"embeddable":true,"href":"https:\/\/mateserranos.com.ar\/w\/wp-json\/wp\/v2\/comments?post=455"}],"version-history":[{"count":4,"href":"https:\/\/mateserranos.com.ar\/w\/wp-json\/wp\/v2\/pages\/455\/revisions"}],"predecessor-version":[{"id":573,"href":"https:\/\/mateserranos.com.ar\/w\/wp-json\/wp\/v2\/pages\/455\/revisions\/573"}],"up":[{"embeddable":true,"href":"https:\/\/mateserranos.com.ar\/w\/wp-json\/wp\/v2\/pages\/37"}],"wp:featuredmedia":[{"embeddable":true,"href":"https:\/\/mateserranos.com.ar\/w\/wp-json\/wp\/v2\/media\/464"}],"wp:attachment":[{"href":"https:\/\/mateserranos.com.ar\/w\/wp-json\/wp\/v2\/media?parent=455"}],"curies":[{"name":"wp","href":"https:\/\/api.w.org\/{rel}","templated":true}]}}