{"id":467,"date":"2022-05-19T05:02:26","date_gmt":"2022-05-19T02:02:26","guid":{"rendered":"https:\/\/mateserranos.com.ar\/w\/?page_id=467"},"modified":"2022-06-07T04:09:07","modified_gmt":"2022-06-07T01:09:07","slug":"mate-de-alpaca-torpedo-con-base","status":"publish","type":"page","link":"https:\/\/mateserranos.com.ar\/w\/mates-de-alpaca\/mate-de-alpaca-torpedo-con-base\/","title":{"rendered":"Mate de alpaca torpedo con base"},"content":{"rendered":"\n<figure class=\"wp-block-gallery aligncenter has-nested-images columns-default is-cropped wp-block-gallery-1 is-layout-flex wp-block-gallery-is-layout-flex\">\n<figure class=\"wp-block-image size-large\"><a href=\"https:\/\/mateserranos.com.ar\/w\/wp-content\/uploads\/2022\/05\/DSC_3452.jpg\"><img fetchpriority=\"high\" decoding=\"async\" width=\"768\" height=\"1024\" data-id=\"470\" src=\"https:\/\/mateserranos.com.ar\/w\/wp-content\/uploads\/2022\/05\/DSC_3452.jpg\" alt=\"\" class=\"wp-image-470\" srcset=\"https:\/\/mateserranos.com.ar\/w\/wp-content\/uploads\/2022\/05\/DSC_3452.jpg 768w, https:\/\/mateserranos.com.ar\/w\/wp-content\/uploads\/2022\/05\/DSC_3452-225x300.jpg 225w\" sizes=\"(max-width: 768px) 100vw, 768px\" \/><\/a><\/figure>\n\n\n\n<figure class=\"wp-block-image size-large\"><a href=\"https:\/\/mateserranos.com.ar\/w\/wp-content\/uploads\/2022\/05\/DSC_3450.jpg\"><img decoding=\"async\" width=\"819\" height=\"1024\" data-id=\"469\" src=\"https:\/\/mateserranos.com.ar\/w\/wp-content\/uploads\/2022\/05\/DSC_3450-819x1024.jpg\" alt=\"\" class=\"wp-image-469\" srcset=\"https:\/\/mateserranos.com.ar\/w\/wp-content\/uploads\/2022\/05\/DSC_3450-819x1024.jpg 819w, https:\/\/mateserranos.com.ar\/w\/wp-content\/uploads\/2022\/05\/DSC_3450-240x300.jpg 240w, https:\/\/mateserranos.com.ar\/w\/wp-content\/uploads\/2022\/05\/DSC_3450-768x960.jpg 768w, https:\/\/mateserranos.com.ar\/w\/wp-content\/uploads\/2022\/05\/DSC_3450.jpg 1024w\" sizes=\"(max-width: 819px) 100vw, 819px\" \/><\/a><\/figure>\n\n\n\n<figure class=\"wp-block-image size-large\"><a href=\"https:\/\/mateserranos.com.ar\/w\/wp-content\/uploads\/2022\/05\/DSC_3448.jpg\"><img decoding=\"async\" width=\"819\" height=\"1024\" data-id=\"472\" src=\"https:\/\/mateserranos.com.ar\/w\/wp-content\/uploads\/2022\/05\/DSC_3448-819x1024.jpg\" alt=\"\" class=\"wp-image-472\" srcset=\"https:\/\/mateserranos.com.ar\/w\/wp-content\/uploads\/2022\/05\/DSC_3448-819x1024.jpg 819w, https:\/\/mateserranos.com.ar\/w\/wp-content\/uploads\/2022\/05\/DSC_3448-240x300.jpg 240w, https:\/\/mateserranos.com.ar\/w\/wp-content\/uploads\/2022\/05\/DSC_3448-768x960.jpg 768w, https:\/\/mateserranos.com.ar\/w\/wp-content\/uploads\/2022\/05\/DSC_3448.jpg 1024w\" sizes=\"(max-width: 819px) 100vw, 819px\" \/><\/a><\/figure>\n\n\n\n<figure class=\"wp-block-image size-large\"><a href=\"https:\/\/mateserranos.com.ar\/w\/wp-content\/uploads\/2022\/05\/DSC_3445.jpg\"><img loading=\"lazy\" decoding=\"async\" width=\"819\" height=\"1024\" data-id=\"471\" src=\"https:\/\/mateserranos.com.ar\/w\/wp-content\/uploads\/2022\/05\/DSC_3445-819x1024.jpg\" alt=\"\" class=\"wp-image-471\" srcset=\"https:\/\/mateserranos.com.ar\/w\/wp-content\/uploads\/2022\/05\/DSC_3445-819x1024.jpg 819w, https:\/\/mateserranos.com.ar\/w\/wp-content\/uploads\/2022\/05\/DSC_3445-240x300.jpg 240w, https:\/\/mateserranos.com.ar\/w\/wp-content\/uploads\/2022\/05\/DSC_3445-768x960.jpg 768w, https:\/\/mateserranos.com.ar\/w\/wp-content\/uploads\/2022\/05\/DSC_3445.jpg 1024w\" sizes=\"(max-width: 819px) 100vw, 819px\" \/><\/a><\/figure>\n\n\n\n<figure class=\"wp-block-image size-large\"><a href=\"https:\/\/mateserranos.com.ar\/w\/wp-content\/uploads\/2022\/05\/DSC_3444.jpg\"><img loading=\"lazy\" decoding=\"async\" width=\"819\" height=\"1024\" data-id=\"468\" src=\"https:\/\/mateserranos.com.ar\/w\/wp-content\/uploads\/2022\/05\/DSC_3444-819x1024.jpg\" alt=\"\" class=\"wp-image-468\" srcset=\"https:\/\/mateserranos.com.ar\/w\/wp-content\/uploads\/2022\/05\/DSC_3444-819x1024.jpg 819w, https:\/\/mateserranos.com.ar\/w\/wp-content\/uploads\/2022\/05\/DSC_3444-240x300.jpg 240w, https:\/\/mateserranos.com.ar\/w\/wp-content\/uploads\/2022\/05\/DSC_3444-768x960.jpg 768w, https:\/\/mateserranos.com.ar\/w\/wp-content\/uploads\/2022\/05\/DSC_3444.jpg 1024w\" sizes=\"(max-width: 819px) 100vw, 819px\" \/><\/a><\/figure>\n<\/figure>\n\n\n\n<div class=\"wp-block-columns is-layout-flex wp-container-core-columns-is-layout-28f84493 wp-block-columns-is-layout-flex\">\n<div class=\"wp-block-column is-layout-flow wp-block-column-is-layout-flow\">\n<h2 class=\"wp-block-heading\">Mate de alpaca torpedo con base<\/h2>\n<\/div>\n\n\n\n<div class=\"wp-block-column is-layout-flow wp-block-column-is-layout-flow\">\n<p>Mate mediano, capacidad aproximada 50gr. de yerba. Virola con boca de 50 mm. Realizados en madera de cald\u00e9n y alpaca. <\/p>\n\n\n\n<p>Modelos disponibles con variaci\u00f3n de los dibujos principales y de las guardas. Las bombillas se venden por separado.<\/p>\n<\/div>\n<\/div>\n\n\n\n<div class=\"wp-block-columns is-layout-flex wp-container-core-columns-is-layout-28f84493 wp-block-columns-is-layout-flex\">\n<div class=\"wp-block-column is-layout-flow wp-block-column-is-layout-flow\">\n<h2 class=\"wp-block-heading\"><\/h2>\n<\/div>\n\n\n\n<div class=\"wp-block-column is-layout-flow wp-block-column-is-layout-flow\">\n<h4 class=\"wp-block-heading\"><strong>DISPONIBLE<\/strong><\/h4>\n<\/div>\n<\/div>\n\n\n\n<hr class=\"wp-block-separator has-css-opacity is-style-wide\"\/>\n\n\n\n<p class=\"has-cyan-bluish-gray-color has-text-color\">Categor\u00eda alpk<\/p>\n","protected":false},"excerpt":{"rendered":"<p>Mate de alpaca torpedo con base Mate mediano, capacidad aproximada 50gr. de yerba. Virola con boca de 50 mm. Realizados en madera de cald\u00e9n y alpaca. Modelos disponibles con variaci\u00f3n de los dibujos principales y de las guardas. Las bombillas se venden por separado. DISPONIBLE Categor\u00eda alpk<\/p>\n","protected":false},"author":2,"featured_media":474,"parent":37,"menu_order":0,"comment_status":"closed","ping_status":"closed","template":"","meta":{"site-sidebar-layout":"default","site-content-layout":"","ast-site-content-layout":"default","site-content-style":"default","site-sidebar-style":"default","ast-global-header-display":"","ast-banner-title-visibility":"","ast-main-header-display":"","ast-hfb-above-header-display":"","ast-hfb-below-header-display":"","ast-hfb-mobile-header-display":"","site-post-title":"","ast-breadcrumbs-content":"","ast-featured-img":"","footer-sml-layout":"","ast-disable-related-posts":"","theme-transparent-header-meta":"","adv-header-id-meta":"","stick-header-meta":"","header-above-stick-meta":"","header-main-stick-meta":"","header-below-stick-meta":"","astra-migrate-meta-layouts":"default","ast-page-background-enabled":"default","ast-page-background-meta":{"desktop":{"background-color":"var(--ast-global-color-4)","background-image":"","background-repeat":"repeat","background-position":"center center","background-size":"auto","background-attachment":"scroll","background-type":"","background-media":"","overlay-type":"","overlay-color":"","overlay-opacity":"","overlay-gradient":""},"tablet":{"background-color":"","background-image":"","background-repeat":"repeat","background-position":"center center","background-size":"auto","background-attachment":"scroll","background-type":"","background-media":"","overlay-type":"","overlay-color":"","overlay-opacity":"","overlay-gradient":""},"mobile":{"background-color":"","background-image":"","background-repeat":"repeat","background-position":"center center","background-size":"auto","background-attachment":"scroll","background-type":"","background-media":"","overlay-type":"","overlay-color":"","overlay-opacity":"","overlay-gradient":""}},"ast-content-background-meta":{"desktop":{"background-color":"var(--ast-global-color-5)","background-image":"","background-repeat":"repeat","background-position":"center center","background-size":"auto","background-attachment":"scroll","background-type":"","background-media":"","overlay-type":"","overlay-color":"","overlay-opacity":"","overlay-gradient":""},"tablet":{"background-color":"var(--ast-global-color-5)","background-image":"","background-repeat":"repeat","background-position":"center center","background-size":"auto","background-attachment":"scroll","background-type":"","background-media":"","overlay-type":"","overlay-color":"","overlay-opacity":"","overlay-gradient":""},"mobile":{"background-color":"var(--ast-global-color-5)","background-image":"","background-repeat":"repeat","background-position":"center center","background-size":"auto","background-attachment":"scroll","background-type":"","background-media":"","overlay-type":"","overlay-color":"","overlay-opacity":"","overlay-gradient":""}},"footnotes":""},"class_list":["post-467","page","type-page","status-publish","has-post-thumbnail","hentry"],"jetpack_sharing_enabled":true,"_links":{"self":[{"href":"https:\/\/mateserranos.com.ar\/w\/wp-json\/wp\/v2\/pages\/467","targetHints":{"allow":["GET"]}}],"collection":[{"href":"https:\/\/mateserranos.com.ar\/w\/wp-json\/wp\/v2\/pages"}],"about":[{"href":"https:\/\/mateserranos.com.ar\/w\/wp-json\/wp\/v2\/types\/page"}],"author":[{"embeddable":true,"href":"https:\/\/mateserranos.com.ar\/w\/wp-json\/wp\/v2\/users\/2"}],"replies":[{"embeddable":true,"href":"https:\/\/mateserranos.com.ar\/w\/wp-json\/wp\/v2\/comments?post=467"}],"version-history":[{"count":6,"href":"https:\/\/mateserranos.com.ar\/w\/wp-json\/wp\/v2\/pages\/467\/revisions"}],"predecessor-version":[{"id":609,"href":"https:\/\/mateserranos.com.ar\/w\/wp-json\/wp\/v2\/pages\/467\/revisions\/609"}],"up":[{"embeddable":true,"href":"https:\/\/mateserranos.com.ar\/w\/wp-json\/wp\/v2\/pages\/37"}],"wp:featuredmedia":[{"embeddable":true,"href":"https:\/\/mateserranos.com.ar\/w\/wp-json\/wp\/v2\/media\/474"}],"wp:attachment":[{"href":"https:\/\/mateserranos.com.ar\/w\/wp-json\/wp\/v2\/media?parent=467"}],"curies":[{"name":"wp","href":"https:\/\/api.w.org\/{rel}","templated":true}]}}