{"id":488,"date":"2022-05-19T05:19:17","date_gmt":"2022-05-19T02:19:17","guid":{"rendered":"https:\/\/mateserranos.com.ar\/w\/?page_id=488"},"modified":"2022-06-06T23:01:04","modified_gmt":"2022-06-06T20:01:04","slug":"mate-de-alpaca-torpedo-con-base-y-piedra","status":"publish","type":"page","link":"https:\/\/mateserranos.com.ar\/w\/mates-con-piedra-y-alpaca\/mate-de-alpaca-torpedo-con-base-y-piedra\/","title":{"rendered":"Mate torpedo de alpaca con base y piedra"},"content":{"rendered":"\n<figure class=\"wp-block-gallery aligncenter has-nested-images columns-default is-cropped wp-block-gallery-1 is-layout-flex wp-block-gallery-is-layout-flex\">\n<figure class=\"wp-block-image size-large\"><a href=\"https:\/\/mateserranos.com.ar\/w\/wp-content\/uploads\/2022\/05\/DSC_4320.jpg\"><img fetchpriority=\"high\" decoding=\"async\" width=\"768\" height=\"1024\" data-id=\"492\" src=\"https:\/\/mateserranos.com.ar\/w\/wp-content\/uploads\/2022\/05\/DSC_4320-768x1024.jpg\" alt=\"\" class=\"wp-image-492\" srcset=\"https:\/\/mateserranos.com.ar\/w\/wp-content\/uploads\/2022\/05\/DSC_4320-768x1024.jpg 768w, https:\/\/mateserranos.com.ar\/w\/wp-content\/uploads\/2022\/05\/DSC_4320-225x300.jpg 225w, https:\/\/mateserranos.com.ar\/w\/wp-content\/uploads\/2022\/05\/DSC_4320.jpg 1080w\" sizes=\"(max-width: 768px) 100vw, 768px\" \/><\/a><\/figure>\n\n\n\n<figure class=\"wp-block-image size-large\"><a href=\"https:\/\/mateserranos.com.ar\/w\/wp-content\/uploads\/2022\/05\/DSC_4326.jpg\"><img decoding=\"async\" width=\"768\" height=\"1024\" data-id=\"489\" src=\"https:\/\/mateserranos.com.ar\/w\/wp-content\/uploads\/2022\/05\/DSC_4326-768x1024.jpg\" alt=\"\" class=\"wp-image-489\" srcset=\"https:\/\/mateserranos.com.ar\/w\/wp-content\/uploads\/2022\/05\/DSC_4326-768x1024.jpg 768w, https:\/\/mateserranos.com.ar\/w\/wp-content\/uploads\/2022\/05\/DSC_4326-225x300.jpg 225w, https:\/\/mateserranos.com.ar\/w\/wp-content\/uploads\/2022\/05\/DSC_4326.jpg 1080w\" sizes=\"(max-width: 768px) 100vw, 768px\" \/><\/a><\/figure>\n\n\n\n<figure class=\"wp-block-image size-large\"><a href=\"https:\/\/mateserranos.com.ar\/w\/wp-content\/uploads\/2022\/05\/DSC_4324.jpg\"><img decoding=\"async\" width=\"768\" height=\"1024\" data-id=\"490\" src=\"https:\/\/mateserranos.com.ar\/w\/wp-content\/uploads\/2022\/05\/DSC_4324-768x1024.jpg\" alt=\"\" class=\"wp-image-490\" srcset=\"https:\/\/mateserranos.com.ar\/w\/wp-content\/uploads\/2022\/05\/DSC_4324-768x1024.jpg 768w, https:\/\/mateserranos.com.ar\/w\/wp-content\/uploads\/2022\/05\/DSC_4324-225x300.jpg 225w, https:\/\/mateserranos.com.ar\/w\/wp-content\/uploads\/2022\/05\/DSC_4324.jpg 1080w\" sizes=\"(max-width: 768px) 100vw, 768px\" \/><\/a><\/figure>\n\n\n\n<figure class=\"wp-block-image size-large\"><a href=\"https:\/\/mateserranos.com.ar\/w\/wp-content\/uploads\/2022\/05\/DSC_4323.jpg\"><img loading=\"lazy\" decoding=\"async\" width=\"683\" height=\"1024\" data-id=\"491\" src=\"https:\/\/mateserranos.com.ar\/w\/wp-content\/uploads\/2022\/05\/DSC_4323-683x1024.jpg\" alt=\"\" class=\"wp-image-491\" srcset=\"https:\/\/mateserranos.com.ar\/w\/wp-content\/uploads\/2022\/05\/DSC_4323-683x1024.jpg 683w, https:\/\/mateserranos.com.ar\/w\/wp-content\/uploads\/2022\/05\/DSC_4323-200x300.jpg 200w, https:\/\/mateserranos.com.ar\/w\/wp-content\/uploads\/2022\/05\/DSC_4323-768x1152.jpg 768w, https:\/\/mateserranos.com.ar\/w\/wp-content\/uploads\/2022\/05\/DSC_4323.jpg 960w\" sizes=\"(max-width: 683px) 100vw, 683px\" \/><\/a><\/figure>\n\n\n\n<figure class=\"wp-block-image size-large\"><a href=\"https:\/\/mateserranos.com.ar\/w\/wp-content\/uploads\/2022\/05\/DSC_4316-LR.jpg\"><img loading=\"lazy\" decoding=\"async\" width=\"1024\" height=\"683\" data-id=\"493\" src=\"https:\/\/mateserranos.com.ar\/w\/wp-content\/uploads\/2022\/05\/DSC_4316-LR-1024x683.jpg\" alt=\"\" class=\"wp-image-493\" srcset=\"https:\/\/mateserranos.com.ar\/w\/wp-content\/uploads\/2022\/05\/DSC_4316-LR-1024x683.jpg 1024w, https:\/\/mateserranos.com.ar\/w\/wp-content\/uploads\/2022\/05\/DSC_4316-LR-300x200.jpg 300w, https:\/\/mateserranos.com.ar\/w\/wp-content\/uploads\/2022\/05\/DSC_4316-LR-768x512.jpg 768w, https:\/\/mateserranos.com.ar\/w\/wp-content\/uploads\/2022\/05\/DSC_4316-LR.jpg 1440w\" sizes=\"(max-width: 1024px) 100vw, 1024px\" \/><\/a><\/figure>\n\n\n\n<figure class=\"wp-block-image size-large\"><a href=\"https:\/\/mateserranos.com.ar\/w\/wp-content\/uploads\/2022\/05\/DSC_4317-LR.jpg\"><img loading=\"lazy\" decoding=\"async\" width=\"1024\" height=\"683\" data-id=\"494\" src=\"https:\/\/mateserranos.com.ar\/w\/wp-content\/uploads\/2022\/05\/DSC_4317-LR-1024x683.jpg\" alt=\"\" class=\"wp-image-494\" srcset=\"https:\/\/mateserranos.com.ar\/w\/wp-content\/uploads\/2022\/05\/DSC_4317-LR-1024x683.jpg 1024w, https:\/\/mateserranos.com.ar\/w\/wp-content\/uploads\/2022\/05\/DSC_4317-LR-300x200.jpg 300w, https:\/\/mateserranos.com.ar\/w\/wp-content\/uploads\/2022\/05\/DSC_4317-LR-768x512.jpg 768w, https:\/\/mateserranos.com.ar\/w\/wp-content\/uploads\/2022\/05\/DSC_4317-LR.jpg 1440w\" sizes=\"(max-width: 1024px) 100vw, 1024px\" \/><\/a><\/figure>\n<\/figure>\n\n\n\n<div class=\"wp-block-columns is-layout-flex wp-container-core-columns-is-layout-28f84493 wp-block-columns-is-layout-flex\">\n<div class=\"wp-block-column is-layout-flow wp-block-column-is-layout-flow\">\n<h2 class=\"wp-block-heading\">Mate torpedo de alpaca con base y piedra<\/h2>\n<\/div>\n\n\n\n<div class=\"wp-block-column is-layout-flow wp-block-column-is-layout-flow\">\n<p>Mate mediano, capacidad aproximada 50gr. de yerba. Virola con boca de 50 mm. Altura aproximada: 95mm. Realizados en madera de cald\u00e9n y alpaca. Distintos modelos disponibles, con variaci\u00f3n de los dibujos principales, las piedras pulidas y las guardas.<\/p>\n<\/div>\n<\/div>\n\n\n\n<div class=\"wp-block-columns is-layout-flex wp-container-core-columns-is-layout-28f84493 wp-block-columns-is-layout-flex\">\n<div class=\"wp-block-column is-layout-flow wp-block-column-is-layout-flow\">\n<h2 class=\"wp-block-heading\"><\/h2>\n<\/div>\n\n\n\n<div class=\"wp-block-column is-layout-flow wp-block-column-is-layout-flow\">\n<h4 class=\"wp-block-heading\"><strong>DISPONIBLE<\/strong><\/h4>\n<\/div>\n<\/div>\n\n\n\n<hr class=\"wp-block-separator has-css-opacity is-style-wide\"\/>\n\n\n\n<p class=\"has-cyan-bluish-gray-color has-text-color\">Categor\u00eda: ppdr<\/p>\n","protected":false},"excerpt":{"rendered":"<p>Mate torpedo de alpaca con base y piedra Mate mediano, capacidad aproximada 50gr. de yerba. Virola con boca de 50 mm. Altura aproximada: 95mm. Realizados en madera de cald\u00e9n y alpaca. Distintos modelos disponibles, con variaci\u00f3n de los dibujos principales, las piedras pulidas y las guardas. DISPONIBLE Categor\u00eda: ppdr<\/p>\n","protected":false},"author":2,"featured_media":495,"parent":591,"menu_order":0,"comment_status":"closed","ping_status":"closed","template":"","meta":{"site-sidebar-layout":"default","site-content-layout":"","ast-site-content-layout":"default","site-content-style":"default","site-sidebar-style":"default","ast-global-header-display":"","ast-banner-title-visibility":"","ast-main-header-display":"","ast-hfb-above-header-display":"","ast-hfb-below-header-display":"","ast-hfb-mobile-header-display":"","site-post-title":"","ast-breadcrumbs-content":"","ast-featured-img":"","footer-sml-layout":"","ast-disable-related-posts":"","theme-transparent-header-meta":"","adv-header-id-meta":"","stick-header-meta":"","header-above-stick-meta":"","header-main-stick-meta":"","header-below-stick-meta":"","astra-migrate-meta-layouts":"default","ast-page-background-enabled":"default","ast-page-background-meta":{"desktop":{"background-color":"var(--ast-global-color-4)","background-image":"","background-repeat":"repeat","background-position":"center center","background-size":"auto","background-attachment":"scroll","background-type":"","background-media":"","overlay-type":"","overlay-color":"","overlay-opacity":"","overlay-gradient":""},"tablet":{"background-color":"","background-image":"","background-repeat":"repeat","background-position":"center center","background-size":"auto","background-attachment":"scroll","background-type":"","background-media":"","overlay-type":"","overlay-color":"","overlay-opacity":"","overlay-gradient":""},"mobile":{"background-color":"","background-image":"","background-repeat":"repeat","background-position":"center center","background-size":"auto","background-attachment":"scroll","background-type":"","background-media":"","overlay-type":"","overlay-color":"","overlay-opacity":"","overlay-gradient":""}},"ast-content-background-meta":{"desktop":{"background-color":"var(--ast-global-color-5)","background-image":"","background-repeat":"repeat","background-position":"center center","background-size":"auto","background-attachment":"scroll","background-type":"","background-media":"","overlay-type":"","overlay-color":"","overlay-opacity":"","overlay-gradient":""},"tablet":{"background-color":"var(--ast-global-color-5)","background-image":"","background-repeat":"repeat","background-position":"center center","background-size":"auto","background-attachment":"scroll","background-type":"","background-media":"","overlay-type":"","overlay-color":"","overlay-opacity":"","overlay-gradient":""},"mobile":{"background-color":"var(--ast-global-color-5)","background-image":"","background-repeat":"repeat","background-position":"center center","background-size":"auto","background-attachment":"scroll","background-type":"","background-media":"","overlay-type":"","overlay-color":"","overlay-opacity":"","overlay-gradient":""}},"footnotes":""},"class_list":["post-488","page","type-page","status-publish","has-post-thumbnail","hentry"],"jetpack_sharing_enabled":true,"_links":{"self":[{"href":"https:\/\/mateserranos.com.ar\/w\/wp-json\/wp\/v2\/pages\/488","targetHints":{"allow":["GET"]}}],"collection":[{"href":"https:\/\/mateserranos.com.ar\/w\/wp-json\/wp\/v2\/pages"}],"about":[{"href":"https:\/\/mateserranos.com.ar\/w\/wp-json\/wp\/v2\/types\/page"}],"author":[{"embeddable":true,"href":"https:\/\/mateserranos.com.ar\/w\/wp-json\/wp\/v2\/users\/2"}],"replies":[{"embeddable":true,"href":"https:\/\/mateserranos.com.ar\/w\/wp-json\/wp\/v2\/comments?post=488"}],"version-history":[{"count":5,"href":"https:\/\/mateserranos.com.ar\/w\/wp-json\/wp\/v2\/pages\/488\/revisions"}],"predecessor-version":[{"id":605,"href":"https:\/\/mateserranos.com.ar\/w\/wp-json\/wp\/v2\/pages\/488\/revisions\/605"}],"up":[{"embeddable":true,"href":"https:\/\/mateserranos.com.ar\/w\/wp-json\/wp\/v2\/pages\/591"}],"wp:featuredmedia":[{"embeddable":true,"href":"https:\/\/mateserranos.com.ar\/w\/wp-json\/wp\/v2\/media\/495"}],"wp:attachment":[{"href":"https:\/\/mateserranos.com.ar\/w\/wp-json\/wp\/v2\/media?parent=488"}],"curies":[{"name":"wp","href":"https:\/\/api.w.org\/{rel}","templated":true}]}}