{"id":52,"date":"2022-04-27T07:46:36","date_gmt":"2022-04-27T04:46:36","guid":{"rendered":"https:\/\/mateserranos.com.ar\/w\/?page_id=52"},"modified":"2022-05-17T06:08:08","modified_gmt":"2022-05-17T03:08:08","slug":"mate-tallado-chico-barril","status":"publish","type":"page","link":"https:\/\/mateserranos.com.ar\/w\/mates\/mate-tallado-chico-barril\/","title":{"rendered":"Mate tallado chico barril"},"content":{"rendered":"\n<figure class=\"wp-block-gallery aligncenter has-nested-images columns-default is-cropped wp-block-gallery-1 is-layout-flex wp-block-gallery-is-layout-flex\">\n<figure class=\"wp-block-image size-large\"><a href=\"https:\/\/mateserranos.com.ar\/w\/wp-content\/uploads\/2022\/04\/DSC_3546.jpg\"><img fetchpriority=\"high\" decoding=\"async\" width=\"768\" height=\"1024\" data-id=\"53\" src=\"https:\/\/mateserranos.com.ar\/w\/wp-content\/uploads\/2022\/04\/DSC_3546.jpg\" alt=\"\" class=\"wp-image-53\" srcset=\"https:\/\/mateserranos.com.ar\/w\/wp-content\/uploads\/2022\/04\/DSC_3546.jpg 768w, https:\/\/mateserranos.com.ar\/w\/wp-content\/uploads\/2022\/04\/DSC_3546-225x300.jpg 225w\" sizes=\"(max-width: 768px) 100vw, 768px\" \/><\/a><figcaption>Mate barril chico. Motivo \u00f1and\u00fa<\/figcaption><\/figure>\n\n\n\n<figure class=\"wp-block-image size-large\"><a href=\"https:\/\/mateserranos.com.ar\/w\/wp-content\/uploads\/2022\/04\/DSC_3548.jpg\"><img decoding=\"async\" width=\"768\" height=\"1024\" data-id=\"54\" src=\"https:\/\/mateserranos.com.ar\/w\/wp-content\/uploads\/2022\/04\/DSC_3548.jpg\" alt=\"\" class=\"wp-image-54\" srcset=\"https:\/\/mateserranos.com.ar\/w\/wp-content\/uploads\/2022\/04\/DSC_3548.jpg 768w, https:\/\/mateserranos.com.ar\/w\/wp-content\/uploads\/2022\/04\/DSC_3548-225x300.jpg 225w\" sizes=\"(max-width: 768px) 100vw, 768px\" \/><\/a><figcaption>Mate barril chico. Motivo floral<\/figcaption><\/figure>\n<\/figure>\n\n\n\n<div class=\"wp-block-columns is-layout-flex wp-container-core-columns-is-layout-28f84493 wp-block-columns-is-layout-flex\">\n<div class=\"wp-block-column is-layout-flow wp-block-column-is-layout-flow\">\n<h2 class=\"wp-block-heading\">Mate tallado barril chico<\/h2>\n<\/div>\n\n\n\n<div class=\"wp-block-column is-layout-flow wp-block-column-is-layout-flow\">\n<p>Mate chico, capacidad aproximada 30gr. de yerba. Realizados en madera de cald\u00e9n. Modelos disponibles, con variaci\u00f3n de los dibujos tallados.<\/p>\n<\/div>\n<\/div>\n\n\n\n<div class=\"wp-block-columns is-layout-flex wp-container-core-columns-is-layout-28f84493 wp-block-columns-is-layout-flex\">\n<div class=\"wp-block-column is-layout-flow wp-block-column-is-layout-flow\">\n<h2 class=\"wp-block-heading\"><\/h2>\n<\/div>\n\n\n\n<div class=\"wp-block-column is-layout-flow wp-block-column-is-layout-flow\">\n<h4 class=\"wp-block-heading\"><strong>DISPONIBLE<\/strong><\/h4>\n<\/div>\n<\/div>\n\n\n\n<hr class=\"wp-block-separator aligncenter is-style-wide\"\/>\n\n\n\n<p class=\"has-cyan-bluish-gray-color has-text-color\">Categor\u00eda: tlld<\/p>\n","protected":false},"excerpt":{"rendered":"<p>Mate tallado barril chico Mate chico, capacidad aproximada 30gr. de yerba. Realizados en madera de cald\u00e9n. Modelos disponibles, con variaci\u00f3n de los dibujos tallados. DISPONIBLE Categor\u00eda: tlld<\/p>\n","protected":false},"author":2,"featured_media":59,"parent":14,"menu_order":0,"comment_status":"closed","ping_status":"closed","template":"","meta":{"site-sidebar-layout":"default","site-content-layout":"","ast-site-content-layout":"default","site-content-style":"default","site-sidebar-style":"default","ast-global-header-display":"","ast-banner-title-visibility":"","ast-main-header-display":"","ast-hfb-above-header-display":"","ast-hfb-below-header-display":"","ast-hfb-mobile-header-display":"","site-post-title":"","ast-breadcrumbs-content":"","ast-featured-img":"","footer-sml-layout":"","ast-disable-related-posts":"","theme-transparent-header-meta":"","adv-header-id-meta":"","stick-header-meta":"","header-above-stick-meta":"","header-main-stick-meta":"","header-below-stick-meta":"","astra-migrate-meta-layouts":"default","ast-page-background-enabled":"default","ast-page-background-meta":{"desktop":{"background-color":"var(--ast-global-color-4)","background-image":"","background-repeat":"repeat","background-position":"center center","background-size":"auto","background-attachment":"scroll","background-type":"","background-media":"","overlay-type":"","overlay-color":"","overlay-opacity":"","overlay-gradient":""},"tablet":{"background-color":"","background-image":"","background-repeat":"repeat","background-position":"center center","background-size":"auto","background-attachment":"scroll","background-type":"","background-media":"","overlay-type":"","overlay-color":"","overlay-opacity":"","overlay-gradient":""},"mobile":{"background-color":"","background-image":"","background-repeat":"repeat","background-position":"center center","background-size":"auto","background-attachment":"scroll","background-type":"","background-media":"","overlay-type":"","overlay-color":"","overlay-opacity":"","overlay-gradient":""}},"ast-content-background-meta":{"desktop":{"background-color":"var(--ast-global-color-5)","background-image":"","background-repeat":"repeat","background-position":"center center","background-size":"auto","background-attachment":"scroll","background-type":"","background-media":"","overlay-type":"","overlay-color":"","overlay-opacity":"","overlay-gradient":""},"tablet":{"background-color":"var(--ast-global-color-5)","background-image":"","background-repeat":"repeat","background-position":"center center","background-size":"auto","background-attachment":"scroll","background-type":"","background-media":"","overlay-type":"","overlay-color":"","overlay-opacity":"","overlay-gradient":""},"mobile":{"background-color":"var(--ast-global-color-5)","background-image":"","background-repeat":"repeat","background-position":"center center","background-size":"auto","background-attachment":"scroll","background-type":"","background-media":"","overlay-type":"","overlay-color":"","overlay-opacity":"","overlay-gradient":""}},"footnotes":""},"class_list":["post-52","page","type-page","status-publish","has-post-thumbnail","hentry"],"jetpack_sharing_enabled":true,"_links":{"self":[{"href":"https:\/\/mateserranos.com.ar\/w\/wp-json\/wp\/v2\/pages\/52","targetHints":{"allow":["GET"]}}],"collection":[{"href":"https:\/\/mateserranos.com.ar\/w\/wp-json\/wp\/v2\/pages"}],"about":[{"href":"https:\/\/mateserranos.com.ar\/w\/wp-json\/wp\/v2\/types\/page"}],"author":[{"embeddable":true,"href":"https:\/\/mateserranos.com.ar\/w\/wp-json\/wp\/v2\/users\/2"}],"replies":[{"embeddable":true,"href":"https:\/\/mateserranos.com.ar\/w\/wp-json\/wp\/v2\/comments?post=52"}],"version-history":[{"count":3,"href":"https:\/\/mateserranos.com.ar\/w\/wp-json\/wp\/v2\/pages\/52\/revisions"}],"predecessor-version":[{"id":338,"href":"https:\/\/mateserranos.com.ar\/w\/wp-json\/wp\/v2\/pages\/52\/revisions\/338"}],"up":[{"embeddable":true,"href":"https:\/\/mateserranos.com.ar\/w\/wp-json\/wp\/v2\/pages\/14"}],"wp:featuredmedia":[{"embeddable":true,"href":"https:\/\/mateserranos.com.ar\/w\/wp-json\/wp\/v2\/media\/59"}],"wp:attachment":[{"href":"https:\/\/mateserranos.com.ar\/w\/wp-json\/wp\/v2\/media?parent=52"}],"curies":[{"name":"wp","href":"https:\/\/api.w.org\/{rel}","templated":true}]}}