{"id":72,"date":"2022-04-28T07:00:43","date_gmt":"2022-04-28T04:00:43","guid":{"rendered":"https:\/\/mateserranos.com.ar\/w\/?page_id=72"},"modified":"2022-05-19T02:46:36","modified_gmt":"2022-05-18T23:46:36","slug":"mate-tallado-chico-vasito","status":"publish","type":"page","link":"https:\/\/mateserranos.com.ar\/w\/mates\/mate-tallado-chico-vasito\/","title":{"rendered":"Mate tallado chico vasito"},"content":{"rendered":"\n<figure class=\"wp-block-gallery aligncenter has-nested-images columns-default is-cropped wp-block-gallery-1 is-layout-flex wp-block-gallery-is-layout-flex\">\n<figure class=\"wp-block-image size-large\"><a href=\"https:\/\/mateserranos.com.ar\/w\/wp-content\/uploads\/2022\/05\/DSC_3549.jpg\"><img fetchpriority=\"high\" decoding=\"async\" width=\"1024\" height=\"1280\" data-id=\"373\" src=\"https:\/\/mateserranos.com.ar\/w\/wp-content\/uploads\/2022\/05\/DSC_3549.jpg\" alt=\"\" class=\"wp-image-373\" srcset=\"https:\/\/mateserranos.com.ar\/w\/wp-content\/uploads\/2022\/05\/DSC_3549.jpg 1024w, https:\/\/mateserranos.com.ar\/w\/wp-content\/uploads\/2022\/05\/DSC_3549-240x300.jpg 240w, https:\/\/mateserranos.com.ar\/w\/wp-content\/uploads\/2022\/05\/DSC_3549-819x1024.jpg 819w, https:\/\/mateserranos.com.ar\/w\/wp-content\/uploads\/2022\/05\/DSC_3549-768x960.jpg 768w\" sizes=\"(max-width: 1024px) 100vw, 1024px\" \/><\/a><\/figure>\n\n\n\n<figure class=\"wp-block-image size-large\"><a href=\"https:\/\/mateserranos.com.ar\/w\/wp-content\/uploads\/2022\/05\/DSC_3550.jpg\"><img decoding=\"async\" width=\"819\" height=\"1024\" data-id=\"376\" src=\"https:\/\/mateserranos.com.ar\/w\/wp-content\/uploads\/2022\/05\/DSC_3550-819x1024.jpg\" alt=\"\" class=\"wp-image-376\" srcset=\"https:\/\/mateserranos.com.ar\/w\/wp-content\/uploads\/2022\/05\/DSC_3550-819x1024.jpg 819w, https:\/\/mateserranos.com.ar\/w\/wp-content\/uploads\/2022\/05\/DSC_3550-240x300.jpg 240w, https:\/\/mateserranos.com.ar\/w\/wp-content\/uploads\/2022\/05\/DSC_3550-768x960.jpg 768w, https:\/\/mateserranos.com.ar\/w\/wp-content\/uploads\/2022\/05\/DSC_3550.jpg 1024w\" sizes=\"(max-width: 819px) 100vw, 819px\" \/><\/a><\/figure>\n<\/figure>\n\n\n\n<div class=\"wp-block-columns is-layout-flex wp-container-core-columns-is-layout-28f84493 wp-block-columns-is-layout-flex\">\n<div class=\"wp-block-column is-layout-flow wp-block-column-is-layout-flow\">\n<h2 class=\"wp-block-heading\">Mate tallado chico vasito<\/h2>\n<\/div>\n\n\n\n<div class=\"wp-block-column is-layout-flow wp-block-column-is-layout-flow\">\n<p>Mate chico, capacidad aproximada 30gr. de yerba. Realizados en madera de cald\u00e9n. Modelos disponibles, con variaci\u00f3n de los dibujos tallados.<\/p>\n<\/div>\n<\/div>\n\n\n\n<div class=\"wp-block-columns is-layout-flex wp-container-core-columns-is-layout-28f84493 wp-block-columns-is-layout-flex\">\n<div class=\"wp-block-column is-layout-flow wp-block-column-is-layout-flow\">\n<h2 class=\"wp-block-heading\"><\/h2>\n<\/div>\n\n\n\n<div class=\"wp-block-column is-layout-flow wp-block-column-is-layout-flow\">\n<h4 class=\"wp-block-heading\"><strong>DISPONIBLE<\/strong><\/h4>\n<\/div>\n<\/div>\n\n\n\n<hr class=\"wp-block-separator aligncenter is-style-wide\"\/>\n\n\n\n<p class=\"has-cyan-bluish-gray-color has-text-color\">Categor\u00eda: tlld<\/p>\n","protected":false},"excerpt":{"rendered":"<p>Mate tallado chico vasito Mate chico, capacidad aproximada 30gr. de yerba. Realizados en madera de cald\u00e9n. Modelos disponibles, con variaci\u00f3n de los dibujos tallados. DISPONIBLE Categor\u00eda: tlld<\/p>\n","protected":false},"author":2,"featured_media":375,"parent":14,"menu_order":0,"comment_status":"closed","ping_status":"closed","template":"","meta":{"site-sidebar-layout":"default","site-content-layout":"","ast-site-content-layout":"default","site-content-style":"default","site-sidebar-style":"default","ast-global-header-display":"","ast-banner-title-visibility":"","ast-main-header-display":"","ast-hfb-above-header-display":"","ast-hfb-below-header-display":"","ast-hfb-mobile-header-display":"","site-post-title":"","ast-breadcrumbs-content":"","ast-featured-img":"","footer-sml-layout":"","ast-disable-related-posts":"","theme-transparent-header-meta":"","adv-header-id-meta":"","stick-header-meta":"","header-above-stick-meta":"","header-main-stick-meta":"","header-below-stick-meta":"","astra-migrate-meta-layouts":"default","ast-page-background-enabled":"default","ast-page-background-meta":{"desktop":{"background-color":"var(--ast-global-color-4)","background-image":"","background-repeat":"repeat","background-position":"center center","background-size":"auto","background-attachment":"scroll","background-type":"","background-media":"","overlay-type":"","overlay-color":"","overlay-opacity":"","overlay-gradient":""},"tablet":{"background-color":"","background-image":"","background-repeat":"repeat","background-position":"center center","background-size":"auto","background-attachment":"scroll","background-type":"","background-media":"","overlay-type":"","overlay-color":"","overlay-opacity":"","overlay-gradient":""},"mobile":{"background-color":"","background-image":"","background-repeat":"repeat","background-position":"center center","background-size":"auto","background-attachment":"scroll","background-type":"","background-media":"","overlay-type":"","overlay-color":"","overlay-opacity":"","overlay-gradient":""}},"ast-content-background-meta":{"desktop":{"background-color":"var(--ast-global-color-5)","background-image":"","background-repeat":"repeat","background-position":"center center","background-size":"auto","background-attachment":"scroll","background-type":"","background-media":"","overlay-type":"","overlay-color":"","overlay-opacity":"","overlay-gradient":""},"tablet":{"background-color":"var(--ast-global-color-5)","background-image":"","background-repeat":"repeat","background-position":"center center","background-size":"auto","background-attachment":"scroll","background-type":"","background-media":"","overlay-type":"","overlay-color":"","overlay-opacity":"","overlay-gradient":""},"mobile":{"background-color":"var(--ast-global-color-5)","background-image":"","background-repeat":"repeat","background-position":"center center","background-size":"auto","background-attachment":"scroll","background-type":"","background-media":"","overlay-type":"","overlay-color":"","overlay-opacity":"","overlay-gradient":""}},"footnotes":""},"class_list":["post-72","page","type-page","status-publish","has-post-thumbnail","hentry"],"jetpack_sharing_enabled":true,"_links":{"self":[{"href":"https:\/\/mateserranos.com.ar\/w\/wp-json\/wp\/v2\/pages\/72","targetHints":{"allow":["GET"]}}],"collection":[{"href":"https:\/\/mateserranos.com.ar\/w\/wp-json\/wp\/v2\/pages"}],"about":[{"href":"https:\/\/mateserranos.com.ar\/w\/wp-json\/wp\/v2\/types\/page"}],"author":[{"embeddable":true,"href":"https:\/\/mateserranos.com.ar\/w\/wp-json\/wp\/v2\/users\/2"}],"replies":[{"embeddable":true,"href":"https:\/\/mateserranos.com.ar\/w\/wp-json\/wp\/v2\/comments?post=72"}],"version-history":[{"count":5,"href":"https:\/\/mateserranos.com.ar\/w\/wp-json\/wp\/v2\/pages\/72\/revisions"}],"predecessor-version":[{"id":377,"href":"https:\/\/mateserranos.com.ar\/w\/wp-json\/wp\/v2\/pages\/72\/revisions\/377"}],"up":[{"embeddable":true,"href":"https:\/\/mateserranos.com.ar\/w\/wp-json\/wp\/v2\/pages\/14"}],"wp:featuredmedia":[{"embeddable":true,"href":"https:\/\/mateserranos.com.ar\/w\/wp-json\/wp\/v2\/media\/375"}],"wp:attachment":[{"href":"https:\/\/mateserranos.com.ar\/w\/wp-json\/wp\/v2\/media?parent=72"}],"curies":[{"name":"wp","href":"https:\/\/api.w.org\/{rel}","templated":true}]}}