{"id":9,"date":"2022-04-20T04:23:55","date_gmt":"2022-04-20T01:23:55","guid":{"rendered":"https:\/\/mateserranos.com.ar\/w\/?page_id=9"},"modified":"2022-07-29T20:42:46","modified_gmt":"2022-07-29T17:42:46","slug":"mates-serranos","status":"publish","type":"page","link":"https:\/\/mateserranos.com.ar\/w\/","title":{"rendered":"\u00a1Listos para usar!"},"content":{"rendered":"\n<div class=\"alignfull\"><div id=\"metaslider-id-104\" style=\"max-width: 900px; margin: 0 auto;\" class=\"ml-slider-3-108-0 metaslider metaslider-nivo metaslider-104 ml-slider ms-theme-default\" role=\"region\" aria-label=\"Portada_01\" data-height=\"580\" data-width=\"900\">\n    <div id=\"metaslider_container_104\">\n        <div class='slider-wrapper theme-default'><div class='ribbon'><\/div><div id='metaslider_104' class='nivoSlider'><img fetchpriority=\"high\" decoding=\"async\" src=\"https:\/\/mateserranos.com.ar\/w\/wp-content\/uploads\/2022\/04\/mates_portada_01-900x580.jpg\" height=\"580\" width=\"900\" title=\"mates_portada_01\" alt=\"\" class=\"slider-104 slide-107 msDefaultImage\" \/><img decoding=\"async\" src=\"https:\/\/mateserranos.com.ar\/w\/wp-content\/uploads\/2022\/04\/mates_portada_02-900x580.jpg\" height=\"580\" width=\"900\" title=\"mates_portada_02\" alt=\"\" class=\"slider-104 slide-108 msDefaultImage\" \/><\/div><\/div>\n        \n    <\/div>\n<\/div><\/div>\n\n\n\n<div class=\"wp-block-columns is-not-stacked-on-mobile pprincipal_columns is-layout-flex wp-container-core-columns-is-layout-28f84493 wp-block-columns-is-layout-flex\">\n<div class=\"wp-block-column is-layout-flow wp-block-column-is-layout-flow\" style=\"flex-basis:10%\"><\/div>\n\n\n\n<div class=\"wp-block-column is-layout-flow wp-block-column-is-layout-flow\" style=\"padding-top:40px;flex-basis:80%\">\n<hr class=\"wp-block-separator has-text-color has-ast-global-color-4-color has-alpha-channel-opacity has-ast-global-color-4-background-color has-background is-style-wide\"\/>\n<\/div>\n\n\n\n<div class=\"wp-block-column is-layout-flow wp-block-column-is-layout-flow\" style=\"flex-basis:10%\"><\/div>\n<\/div>\n\n\n<nav class=\"items-justified-center wp-block-navigation is-content-justification-center is-layout-flex wp-container-core-navigation-is-layout-a89b3969 wp-block-navigation-is-layout-flex\" aria-label=\"nav_02\"><ul class=\"wp-block-navigation__container items-justified-center wp-block-navigation\"><li class=\" wp-block-navigation-item wp-block-navigation-link\"><a class=\"wp-block-navigation-item__content\"  href=\"https:\/\/mateserranos.com.ar\/w\/mates-de-alpaca\/\"><span class=\"wp-block-navigation-item__label\">Mates de Alpaca<\/span><\/a><\/li><li class=\" wp-block-navigation-item wp-block-navigation-link\"><a class=\"wp-block-navigation-item__content\"  href=\"https:\/\/mateserranos.com.ar\/w\/mates\/\"><span class=\"wp-block-navigation-item__label\">Mates Tallados<\/span><\/a><\/li><li class=\" wp-block-navigation-item wp-block-navigation-link\"><a class=\"wp-block-navigation-item__content\"  href=\"https:\/\/mateserranos.com.ar\/w\/mates-de-alpaca-aplique-cala\/\"><span class=\"wp-block-navigation-item__label\">Mates aplique Cala<\/span><\/a><\/li><li class=\" wp-block-navigation-item wp-block-navigation-link\"><a class=\"wp-block-navigation-item__content\"  href=\"https:\/\/mateserranos.com.ar\/w\/mates-con-piedra-y-alpaca\/\"><span class=\"wp-block-navigation-item__label\">Mates Alpaca y Piedra<\/span><\/a><\/li><li class=\" wp-block-navigation-item wp-block-navigation-link\"><a class=\"wp-block-navigation-item__content\"  href=\"https:\/\/mateserranos.com.ar\/w\/contacto\/\"><span class=\"wp-block-navigation-item__label\">Contacto<\/span><\/a><\/li><\/ul><\/nav>\n\n\n<div class=\"wp-block-columns pprincipal_columns is-layout-flex wp-container-core-columns-is-layout-28f84493 wp-block-columns-is-layout-flex\">\n<div class=\"wp-block-column is-layout-flow wp-block-column-is-layout-flow\" style=\"flex-basis:10%\"><\/div>\n\n\n\n<div class=\"wp-block-column is-layout-flow wp-block-column-is-layout-flow\" style=\"padding-top:10px;flex-basis:80%\">\n<hr class=\"wp-block-separator has-text-color has-ast-global-color-4-color has-alpha-channel-opacity has-ast-global-color-4-background-color has-background is-style-wide\"\/>\n<\/div>\n\n\n\n<div class=\"wp-block-column is-layout-flow wp-block-column-is-layout-flow\" style=\"flex-basis:10%\"><\/div>\n<\/div>\n\n\n\n<ul class=\"wp-block-social-links has-icon-color is-style-logos-only is-content-justification-center is-layout-flex wp-container-core-social-links-is-layout-a89b3969 wp-block-social-links-is-layout-flex\"><li style=\"color:#81868a;\" class=\"wp-social-link wp-social-link-facebook  wp-block-social-link\"><a rel=\"noopener nofollow\" target=\"_blank\" href=\"https:\/\/www.facebook.com\/mateserranos-101977018224511\" class=\"wp-block-social-link-anchor\"><svg width=\"24\" height=\"24\" viewBox=\"0 0 24 24\" version=\"1.1\" xmlns=\"http:\/\/www.w3.org\/2000\/svg\" aria-hidden=\"true\" focusable=\"false\"><path d=\"M12 2C6.5 2 2 6.5 2 12c0 5 3.7 9.1 8.4 9.9v-7H7.9V12h2.5V9.8c0-2.5 1.5-3.9 3.8-3.9 1.1 0 2.2.2 2.2.2v2.5h-1.3c-1.2 0-1.6.8-1.6 1.6V12h2.8l-.4 2.9h-2.3v7C18.3 21.1 22 17 22 12c0-5.5-4.5-10-10-10z\"><\/path><\/svg><span class=\"wp-block-social-link-label screen-reader-text\">Facebook<\/span><\/a><\/li>\n\n<li style=\"color:#81868a;\" class=\"wp-social-link wp-social-link-instagram  wp-block-social-link\"><a rel=\"noopener nofollow\" target=\"_blank\" href=\"https:\/\/www.instagram.com\/mateserranos\" class=\"wp-block-social-link-anchor\"><svg width=\"24\" height=\"24\" viewBox=\"0 0 24 24\" version=\"1.1\" xmlns=\"http:\/\/www.w3.org\/2000\/svg\" aria-hidden=\"true\" focusable=\"false\"><path d=\"M12,4.622c2.403,0,2.688,0.009,3.637,0.052c0.877,0.04,1.354,0.187,1.671,0.31c0.42,0.163,0.72,0.358,1.035,0.673 c0.315,0.315,0.51,0.615,0.673,1.035c0.123,0.317,0.27,0.794,0.31,1.671c0.043,0.949,0.052,1.234,0.052,3.637 s-0.009,2.688-0.052,3.637c-0.04,0.877-0.187,1.354-0.31,1.671c-0.163,0.42-0.358,0.72-0.673,1.035 c-0.315,0.315-0.615,0.51-1.035,0.673c-0.317,0.123-0.794,0.27-1.671,0.31c-0.949,0.043-1.233,0.052-3.637,0.052 s-2.688-0.009-3.637-0.052c-0.877-0.04-1.354-0.187-1.671-0.31c-0.42-0.163-0.72-0.358-1.035-0.673 c-0.315-0.315-0.51-0.615-0.673-1.035c-0.123-0.317-0.27-0.794-0.31-1.671C4.631,14.688,4.622,14.403,4.622,12 s0.009-2.688,0.052-3.637c0.04-0.877,0.187-1.354,0.31-1.671c0.163-0.42,0.358-0.72,0.673-1.035 c0.315-0.315,0.615-0.51,1.035-0.673c0.317-0.123,0.794-0.27,1.671-0.31C9.312,4.631,9.597,4.622,12,4.622 M12,3 C9.556,3,9.249,3.01,8.289,3.054C7.331,3.098,6.677,3.25,6.105,3.472C5.513,3.702,5.011,4.01,4.511,4.511 c-0.5,0.5-0.808,1.002-1.038,1.594C3.25,6.677,3.098,7.331,3.054,8.289C3.01,9.249,3,9.556,3,12c0,2.444,0.01,2.751,0.054,3.711 c0.044,0.958,0.196,1.612,0.418,2.185c0.23,0.592,0.538,1.094,1.038,1.594c0.5,0.5,1.002,0.808,1.594,1.038 c0.572,0.222,1.227,0.375,2.185,0.418C9.249,20.99,9.556,21,12,21s2.751-0.01,3.711-0.054c0.958-0.044,1.612-0.196,2.185-0.418 c0.592-0.23,1.094-0.538,1.594-1.038c0.5-0.5,0.808-1.002,1.038-1.594c0.222-0.572,0.375-1.227,0.418-2.185 C20.99,14.751,21,14.444,21,12s-0.01-2.751-0.054-3.711c-0.044-0.958-0.196-1.612-0.418-2.185c-0.23-0.592-0.538-1.094-1.038-1.594 c-0.5-0.5-1.002-0.808-1.594-1.038c-0.572-0.222-1.227-0.375-2.185-0.418C14.751,3.01,14.444,3,12,3L12,3z M12,7.378 c-2.552,0-4.622,2.069-4.622,4.622S9.448,16.622,12,16.622s4.622-2.069,4.622-4.622S14.552,7.378,12,7.378z M12,15 c-1.657,0-3-1.343-3-3s1.343-3,3-3s3,1.343,3,3S13.657,15,12,15z M16.804,6.116c-0.596,0-1.08,0.484-1.08,1.08 s0.484,1.08,1.08,1.08c0.596,0,1.08-0.484,1.08-1.08S17.401,6.116,16.804,6.116z\"><\/path><\/svg><span class=\"wp-block-social-link-label screen-reader-text\">Instagram<\/span><\/a><\/li>\n\n<\/ul>\n\n\n\n<div class=\"wp-block-columns is-layout-flex wp-container-core-columns-is-layout-28f84493 wp-block-columns-is-layout-flex\">\n<div class=\"wp-block-column pprincipal_columns is-layout-flow wp-block-column-is-layout-flow\">\n<h2 class=\"has-text-align-center wp-block-heading\">\u00a1Mates de cald\u00e9n y alpaca,<br>listos para usar!<\/h2>\n<\/div>\n<\/div>\n\n\n\n<div class=\"wp-block-columns is-layout-flex wp-container-core-columns-is-layout-35b47e0a wp-block-columns-is-layout-flex\" style=\"padding-right:20px;padding-left:20px\">\n<div class=\"wp-block-column has-background is-layout-flow wp-block-column-is-layout-flow\" style=\"background-color:#f3f1f0\">\n<figure class=\"wp-block-image aligncenter size-full\"><a href=\"https:\/\/mateserranos.com.ar\/w\/mates-con-piedra-y-alpaca\/\"><img decoding=\"async\" width=\"400\" height=\"500\" src=\"https:\/\/mateserranos.com.ar\/w\/wp-content\/uploads\/2022\/06\/mates_alpaca_con_piedra.jpg\" alt=\"\" class=\"wp-image-665\" srcset=\"https:\/\/mateserranos.com.ar\/w\/wp-content\/uploads\/2022\/06\/mates_alpaca_con_piedra.jpg 400w, https:\/\/mateserranos.com.ar\/w\/wp-content\/uploads\/2022\/06\/mates_alpaca_con_piedra-240x300.jpg 240w\" sizes=\"(max-width: 400px) 100vw, 400px\" \/><\/a><\/figure>\n\n\n\n<h4 class=\"has-text-align-center wp-block-heading\"><a href=\"https:\/\/mateserranos.com.ar\/w\/mates-con-piedra-y-alpaca\/\" data-type=\"page\" data-id=\"591\">Mates de Alpaca con Piedra<\/a><\/h4>\n\n\n\n<div style=\"height:20px\" aria-hidden=\"true\" class=\"wp-block-spacer\"><\/div>\n<\/div>\n\n\n\n<div class=\"wp-block-column has-background is-layout-flow wp-block-column-is-layout-flow\" style=\"background-color:#f3f1f0\">\n<figure class=\"wp-block-image aligncenter size-full\"><a href=\"https:\/\/mateserranos.com.ar\/w\/mates-de-alpaca\/\"><img loading=\"lazy\" decoding=\"async\" width=\"400\" height=\"500\" src=\"https:\/\/mateserranos.com.ar\/w\/wp-content\/uploads\/2022\/06\/mates_alpaca.jpg\" alt=\"\" class=\"wp-image-663\" srcset=\"https:\/\/mateserranos.com.ar\/w\/wp-content\/uploads\/2022\/06\/mates_alpaca.jpg 400w, https:\/\/mateserranos.com.ar\/w\/wp-content\/uploads\/2022\/06\/mates_alpaca-240x300.jpg 240w\" sizes=\"(max-width: 400px) 100vw, 400px\" \/><\/a><\/figure>\n\n\n\n<h4 class=\"has-text-align-center wp-block-heading\"><a href=\"https:\/\/mateserranos.com.ar\/w\/mates-de-alpaca\/\" data-type=\"page\" data-id=\"37\">Mates de Alpaca<\/a><\/h4>\n\n\n\n<div style=\"height:20px\" aria-hidden=\"true\" class=\"wp-block-spacer\"><\/div>\n<\/div>\n<\/div>\n\n\n\n<div class=\"wp-block-columns is-layout-flex wp-container-core-columns-is-layout-35b47e0a wp-block-columns-is-layout-flex\" style=\"padding-right:20px;padding-left:20px\">\n<div class=\"wp-block-column has-background is-layout-flow wp-block-column-is-layout-flow\" style=\"background-color:#f3f1f0\">\n<figure class=\"wp-block-image aligncenter size-full\"><a href=\"https:\/\/mateserranos.com.ar\/w\/mates-de-alpaca-aplique-cala\/\"><img loading=\"lazy\" decoding=\"async\" width=\"400\" height=\"500\" src=\"https:\/\/mateserranos.com.ar\/w\/wp-content\/uploads\/2022\/06\/mates_aplique_cala.jpg\" alt=\"\" class=\"wp-image-664\" srcset=\"https:\/\/mateserranos.com.ar\/w\/wp-content\/uploads\/2022\/06\/mates_aplique_cala.jpg 400w, https:\/\/mateserranos.com.ar\/w\/wp-content\/uploads\/2022\/06\/mates_aplique_cala-240x300.jpg 240w\" sizes=\"(max-width: 400px) 100vw, 400px\" \/><\/a><\/figure>\n\n\n\n<h4 class=\"has-text-align-center wp-block-heading\"><a href=\"https:\/\/mateserranos.com.ar\/w\/mates-de-alpaca-aplique-cala\/\" data-type=\"page\" data-id=\"262\">Mates aplique Cala<\/a><\/h4>\n\n\n\n<div style=\"height:20px\" aria-hidden=\"true\" class=\"wp-block-spacer\"><\/div>\n<\/div>\n\n\n\n<div class=\"wp-block-column has-background is-layout-flow wp-block-column-is-layout-flow\" style=\"background-color:#f3f1f0\">\n<figure class=\"wp-block-image aligncenter size-full\"><a href=\"https:\/\/mateserranos.com.ar\/w\/mates\/\"><img loading=\"lazy\" decoding=\"async\" width=\"400\" height=\"500\" src=\"https:\/\/mateserranos.com.ar\/w\/wp-content\/uploads\/2022\/06\/mates_tallados_madera.jpg\" alt=\"\" class=\"wp-image-662\" srcset=\"https:\/\/mateserranos.com.ar\/w\/wp-content\/uploads\/2022\/06\/mates_tallados_madera.jpg 400w, https:\/\/mateserranos.com.ar\/w\/wp-content\/uploads\/2022\/06\/mates_tallados_madera-240x300.jpg 240w\" sizes=\"(max-width: 400px) 100vw, 400px\" \/><\/a><\/figure>\n\n\n\n<h4 class=\"has-text-align-center wp-block-heading\"><a href=\"https:\/\/mateserranos.com.ar\/w\/mates\/\" data-type=\"page\" data-id=\"14\">Mates Tallados en Madera<\/a><\/h4>\n\n\n\n<div style=\"height:20px\" aria-hidden=\"true\" class=\"wp-block-spacer\"><\/div>\n<\/div>\n<\/div>\n\n\n\n<div style=\"height:100px\" aria-hidden=\"true\" class=\"wp-block-spacer\"><\/div>\n\n\n\n<div class=\"wp-block-cover alignwide\"><span aria-hidden=\"true\" class=\"wp-block-cover__background has-background-dim\"><\/span><img loading=\"lazy\" decoding=\"async\" width=\"1650\" height=\"1100\" class=\"wp-block-cover__image-background wp-image-674\" alt=\"\" src=\"https:\/\/mateserranos.com.ar\/w\/wp-content\/uploads\/2022\/06\/DSC_6060.jpg\" data-object-fit=\"cover\" srcset=\"https:\/\/mateserranos.com.ar\/w\/wp-content\/uploads\/2022\/06\/DSC_6060.jpg 1650w, https:\/\/mateserranos.com.ar\/w\/wp-content\/uploads\/2022\/06\/DSC_6060-300x200.jpg 300w, https:\/\/mateserranos.com.ar\/w\/wp-content\/uploads\/2022\/06\/DSC_6060-1024x683.jpg 1024w, https:\/\/mateserranos.com.ar\/w\/wp-content\/uploads\/2022\/06\/DSC_6060-768x512.jpg 768w, https:\/\/mateserranos.com.ar\/w\/wp-content\/uploads\/2022\/06\/DSC_6060-1536x1024.jpg 1536w\" sizes=\"(max-width: 1650px) 100vw, 1650px\" \/><div class=\"wp-block-cover__inner-container is-layout-flow wp-block-cover-is-layout-flow\">\n<p class=\"has-text-align-center has-large-font-size\">Tradicional Mate Argentino<br>Ventas por mayor. Env\u00edos a todo el pa\u00eds.<\/p>\n<\/div><\/div>\n\n\n\n<div style=\"height:100px\" aria-hidden=\"true\" class=\"wp-block-spacer\"><\/div>\n\n\n\n<div class=\"wp-block-columns pprincipal_columns is-layout-flex wp-container-core-columns-is-layout-35b47e0a wp-block-columns-is-layout-flex\" style=\"padding-right:20px;padding-left:20px\">\n<div class=\"wp-block-column has-background is-layout-flow wp-block-column-is-layout-flow\" style=\"background-color:#eff2f2\">\n<figure class=\"wp-block-image aligncenter size-full\"><a href=\"https:\/\/mateserranos.com.ar\/w\/wp-content\/uploads\/2022\/06\/mates_01.jpg\"><img loading=\"lazy\" decoding=\"async\" width=\"400\" height=\"500\" src=\"https:\/\/mateserranos.com.ar\/w\/wp-content\/uploads\/2022\/06\/mates_01.jpg\" alt=\"\" class=\"wp-image-650\" srcset=\"https:\/\/mateserranos.com.ar\/w\/wp-content\/uploads\/2022\/06\/mates_01.jpg 400w, https:\/\/mateserranos.com.ar\/w\/wp-content\/uploads\/2022\/06\/mates_01-240x300.jpg 240w\" sizes=\"(max-width: 400px) 100vw, 400px\" \/><\/a><\/figure>\n\n\n\n<p class=\"has-text-align-center\">Ventas por mayor. Env\u00edos a todo el pa\u00eds.<\/p>\n\n\n\n<div style=\"height:10px\" aria-hidden=\"true\" class=\"wp-block-spacer\"><\/div>\n<\/div>\n\n\n\n<div class=\"wp-block-column has-background is-layout-flow wp-block-column-is-layout-flow\" style=\"background-color:#eff2f2\">\n<figure class=\"wp-block-image aligncenter size-full\"><a href=\"https:\/\/mateserranos.com.ar\/w\/wp-content\/uploads\/2022\/06\/mates_02.jpg\"><img loading=\"lazy\" decoding=\"async\" width=\"400\" height=\"500\" src=\"https:\/\/mateserranos.com.ar\/w\/wp-content\/uploads\/2022\/06\/mates_02.jpg\" alt=\"\" class=\"wp-image-651\" srcset=\"https:\/\/mateserranos.com.ar\/w\/wp-content\/uploads\/2022\/06\/mates_02.jpg 400w, https:\/\/mateserranos.com.ar\/w\/wp-content\/uploads\/2022\/06\/mates_02-240x300.jpg 240w\" sizes=\"(max-width: 400px) 100vw, 400px\" \/><\/a><\/figure>\n\n\n\n<p class=\"has-text-align-center\">Dise\u00f1os exclusivos para regalar o regalarse.<\/p>\n\n\n\n<div style=\"height:10px\" aria-hidden=\"true\" class=\"wp-block-spacer\"><\/div>\n<\/div>\n\n\n\n<div class=\"wp-block-column has-background is-layout-flow wp-block-column-is-layout-flow\" style=\"background-color:#eff2f2\">\n<figure class=\"wp-block-image aligncenter size-full\"><a href=\"https:\/\/mateserranos.com.ar\/w\/wp-content\/uploads\/2022\/06\/mates_03.jpg\"><img loading=\"lazy\" decoding=\"async\" width=\"400\" height=\"500\" src=\"https:\/\/mateserranos.com.ar\/w\/wp-content\/uploads\/2022\/06\/mates_03.jpg\" alt=\"\" class=\"wp-image-652\" srcset=\"https:\/\/mateserranos.com.ar\/w\/wp-content\/uploads\/2022\/06\/mates_03.jpg 400w, https:\/\/mateserranos.com.ar\/w\/wp-content\/uploads\/2022\/06\/mates_03-240x300.jpg 240w\" sizes=\"(max-width: 400px) 100vw, 400px\" \/><\/a><\/figure>\n\n\n\n<p class=\"has-text-align-center\">\u00a1Un matecito para cada ocasi\u00f3n!<\/p>\n\n\n\n<div style=\"height:10px\" aria-hidden=\"true\" class=\"wp-block-spacer\"><\/div>\n<\/div>\n<\/div>\n","protected":false},"excerpt":{"rendered":"<p>\u00a1Mates de cald\u00e9n y alpaca,listos para usar! Mates de Alpaca con Piedra Mates de Alpaca Mates aplique Cala Mates Tallados en Madera Ventas por mayor. Env\u00edos a todo el pa\u00eds. Dise\u00f1os exclusivos para regalar o regalarse. \u00a1Un matecito para cada ocasi\u00f3n!<\/p>\n","protected":false},"author":2,"featured_media":0,"parent":0,"menu_order":0,"comment_status":"closed","ping_status":"closed","template":"elementor_canvas","meta":{"site-sidebar-layout":"default","site-content-layout":"","ast-site-content-layout":"default","site-content-style":"default","site-sidebar-style":"default","ast-global-header-display":"","ast-banner-title-visibility":"","ast-main-header-display":"","ast-hfb-above-header-display":"","ast-hfb-below-header-display":"","ast-hfb-mobile-header-display":"","site-post-title":"","ast-breadcrumbs-content":"","ast-featured-img":"","footer-sml-layout":"","ast-disable-related-posts":"","theme-transparent-header-meta":"","adv-header-id-meta":"","stick-header-meta":"","header-above-stick-meta":"","header-main-stick-meta":"","header-below-stick-meta":"","astra-migrate-meta-layouts":"default","ast-page-background-enabled":"default","ast-page-background-meta":{"desktop":{"background-color":"var(--ast-global-color-4)","background-image":"","background-repeat":"repeat","background-position":"center center","background-size":"auto","background-attachment":"scroll","background-type":"","background-media":"","overlay-type":"","overlay-color":"","overlay-opacity":"","overlay-gradient":""},"tablet":{"background-color":"","background-image":"","background-repeat":"repeat","background-position":"center center","background-size":"auto","background-attachment":"scroll","background-type":"","background-media":"","overlay-type":"","overlay-color":"","overlay-opacity":"","overlay-gradient":""},"mobile":{"background-color":"","background-image":"","background-repeat":"repeat","background-position":"center center","background-size":"auto","background-attachment":"scroll","background-type":"","background-media":"","overlay-type":"","overlay-color":"","overlay-opacity":"","overlay-gradient":""}},"ast-content-background-meta":{"desktop":{"background-color":"var(--ast-global-color-5)","background-image":"","background-repeat":"repeat","background-position":"center center","background-size":"auto","background-attachment":"scroll","background-type":"","background-media":"","overlay-type":"","overlay-color":"","overlay-opacity":"","overlay-gradient":""},"tablet":{"background-color":"var(--ast-global-color-5)","background-image":"","background-repeat":"repeat","background-position":"center center","background-size":"auto","background-attachment":"scroll","background-type":"","background-media":"","overlay-type":"","overlay-color":"","overlay-opacity":"","overlay-gradient":""},"mobile":{"background-color":"var(--ast-global-color-5)","background-image":"","background-repeat":"repeat","background-position":"center center","background-size":"auto","background-attachment":"scroll","background-type":"","background-media":"","overlay-type":"","overlay-color":"","overlay-opacity":"","overlay-gradient":""}},"footnotes":""},"class_list":["post-9","page","type-page","status-publish","hentry"],"jetpack_sharing_enabled":true,"_links":{"self":[{"href":"https:\/\/mateserranos.com.ar\/w\/wp-json\/wp\/v2\/pages\/9","targetHints":{"allow":["GET"]}}],"collection":[{"href":"https:\/\/mateserranos.com.ar\/w\/wp-json\/wp\/v2\/pages"}],"about":[{"href":"https:\/\/mateserranos.com.ar\/w\/wp-json\/wp\/v2\/types\/page"}],"author":[{"embeddable":true,"href":"https:\/\/mateserranos.com.ar\/w\/wp-json\/wp\/v2\/users\/2"}],"replies":[{"embeddable":true,"href":"https:\/\/mateserranos.com.ar\/w\/wp-json\/wp\/v2\/comments?post=9"}],"version-history":[{"count":83,"href":"https:\/\/mateserranos.com.ar\/w\/wp-json\/wp\/v2\/pages\/9\/revisions"}],"predecessor-version":[{"id":754,"href":"https:\/\/mateserranos.com.ar\/w\/wp-json\/wp\/v2\/pages\/9\/revisions\/754"}],"wp:attachment":[{"href":"https:\/\/mateserranos.com.ar\/w\/wp-json\/wp\/v2\/media?parent=9"}],"curies":[{"name":"wp","href":"https:\/\/api.w.org\/{rel}","templated":true}]}}